{"id":736,"date":"2024-11-12T20:12:02","date_gmt":"2024-11-12T20:12:02","guid":{"rendered":"https:\/\/malnaric.eu\/?post_type=product&#038;p=736"},"modified":"2024-11-25T17:44:22","modified_gmt":"2024-11-25T17:44:22","slug":"lengthentherm","status":"publish","type":"product","link":"https:\/\/malnaric.eu\/en\/product\/lengthentherm\/","title":{"rendered":"LengthenTherm"},"content":{"rendered":"<p>LengthenTherm je izdelan iz visokokakovostnega nerjave\u010dega jekla (inox), ki zagotavlja dolgo \u017eivljenjsko dobo in eleganten videz. Na voljo s povr\u0161insko obdelavo po va\u0161i izbiri: polirano, bru\u0161eno ali pra\u0161no barvano v beli, sivi, \u010drni barvi ali katerem koli odtenku po RAL lestvici. Popolna kombinacija funkcionalnosti in prilagodljivega dizajna za va\u0161 prostor.<\/p>","protected":false},"excerpt":{"rendered":"<p>Izdelano iz vrhunskega nerjave\u010dega jekla (inox) za trajnost in eleganco. Povr\u0161inska obdelava z visokokakovostnim pra\u0161nim barvanjem v beli, sivi ali \u010drni barvi \u2013 na voljo tudi po va\u0161ih \u017eeljah iz \u0161iroke palete barv RAL lestvice (za zadnjo opcijo nas kontaktirajte)<\/p>","protected":false},"featured_media":158,"template":"","meta":{"_acf_changed":false},"product_brand":[],"product_cat":[21],"product_tag":[],"class_list":{"0":"post-736","1":"product","2":"type-product","3":"status-publish","4":"has-post-thumbnail","6":"product_cat-inox-radiatorji","7":"pa_barva-antracit","8":"pa_barva-bela","9":"pa_barva-crna","10":"pa_barva-inox","11":"pa_dimenzija-1020-x-500-mm","12":"pa_dimenzija-1500-x-600-mm","13":"pa_dimenzija-800-x-500-mm","14":"pa_obdelava-bruseno","15":"pa_obdelava-polirano","16":"pa_obdelava-prasno-barvano","18":"first","19":"instock","20":"shipping-taxable","21":"purchasable","22":"product-type-variable"},"acf":[],"_links":{"self":[{"href":"https:\/\/malnaric.eu\/en\/wp-json\/wp\/v2\/product\/736","targetHints":{"allow":["GET"]}}],"collection":[{"href":"https:\/\/malnaric.eu\/en\/wp-json\/wp\/v2\/product"}],"about":[{"href":"https:\/\/malnaric.eu\/en\/wp-json\/wp\/v2\/types\/product"}],"wp:featuredmedia":[{"embeddable":true,"href":"https:\/\/malnaric.eu\/en\/wp-json\/wp\/v2\/media\/158"}],"wp:attachment":[{"href":"https:\/\/malnaric.eu\/en\/wp-json\/wp\/v2\/media?parent=736"}],"wp:term":[{"taxonomy":"product_brand","embeddable":true,"href":"https:\/\/malnaric.eu\/en\/wp-json\/wp\/v2\/product_brand?post=736"},{"taxonomy":"product_cat","embeddable":true,"href":"https:\/\/malnaric.eu\/en\/wp-json\/wp\/v2\/product_cat?post=736"},{"taxonomy":"product_tag","embeddable":true,"href":"https:\/\/malnaric.eu\/en\/wp-json\/wp\/v2\/product_tag?post=736"}],"curies":[{"name":"wp","href":"https:\/\/api.w.org\/{rel}","templated":true}]}}