{"id":701,"date":"2024-11-12T19:46:21","date_gmt":"2024-11-12T19:46:21","guid":{"rendered":"https:\/\/malnaric.eu\/?post_type=product&#038;p=701"},"modified":"2024-11-20T18:41:07","modified_gmt":"2024-11-20T18:41:07","slug":"quadriheat","status":"publish","type":"product","link":"https:\/\/malnaric.eu\/en\/product\/quadriheat\/","title":{"rendered":"QuadriHeat"},"content":{"rendered":"<p>Izdelano iz vrhunskega nerjave\u010dega jekla (inox) za trajnost in eleganco. Povr\u0161inska obdelava z visokokakovostnim pra\u0161nim barvanjem v beli, sivi ali \u010drni barvi \u2013 na voljo tudi po va\u0161ih \u017eeljah iz \u0161iroke palete barv RAL lestvice. Za izbiro barve iz RAL lestvice nas kontaktirajte in za naro\u010dilo izberite katero koli barvo, ki je ponujena.<\/p>","protected":false},"excerpt":{"rendered":"<p>Izdelano iz vrhunskega nerjave\u010dega jekla (inox) za trajnost in eleganco. Povr\u0161inska obdelava z visokokakovostnim pra\u0161nim barvanjem v beli, sivi ali \u010drni barvi \u2013 na voljo tudi po va\u0161ih \u017eeljah iz \u0161iroke palete barv RAL lestvice (za zadnjo opcijo nas kontaktirajte)<\/p>","protected":false},"featured_media":156,"template":"","meta":{"_acf_changed":false},"product_brand":[],"product_cat":[21],"product_tag":[],"class_list":{"0":"post-701","1":"product","2":"type-product","3":"status-publish","4":"has-post-thumbnail","6":"product_cat-inox-radiatorji","7":"pa_barva-antracit","8":"pa_barva-bela","9":"pa_barva-crna","10":"pa_dimenzija-1000-x-560-mm","11":"pa_dimenzija-1195-x-560-mm","12":"pa_obdelava-prasno-barvano","14":"first","15":"instock","16":"shipping-taxable","17":"purchasable","18":"product-type-variable"},"acf":[],"_links":{"self":[{"href":"https:\/\/malnaric.eu\/en\/wp-json\/wp\/v2\/product\/701","targetHints":{"allow":["GET"]}}],"collection":[{"href":"https:\/\/malnaric.eu\/en\/wp-json\/wp\/v2\/product"}],"about":[{"href":"https:\/\/malnaric.eu\/en\/wp-json\/wp\/v2\/types\/product"}],"wp:featuredmedia":[{"embeddable":true,"href":"https:\/\/malnaric.eu\/en\/wp-json\/wp\/v2\/media\/156"}],"wp:attachment":[{"href":"https:\/\/malnaric.eu\/en\/wp-json\/wp\/v2\/media?parent=701"}],"wp:term":[{"taxonomy":"product_brand","embeddable":true,"href":"https:\/\/malnaric.eu\/en\/wp-json\/wp\/v2\/product_brand?post=701"},{"taxonomy":"product_cat","embeddable":true,"href":"https:\/\/malnaric.eu\/en\/wp-json\/wp\/v2\/product_cat?post=701"},{"taxonomy":"product_tag","embeddable":true,"href":"https:\/\/malnaric.eu\/en\/wp-json\/wp\/v2\/product_tag?post=701"}],"curies":[{"name":"wp","href":"https:\/\/api.w.org\/{rel}","templated":true}]}}