{"id":1483,"date":"2024-11-25T20:34:44","date_gmt":"2024-11-25T20:34:44","guid":{"rendered":"https:\/\/malnaric.eu\/?post_type=product&#038;p=1483"},"modified":"2024-11-25T20:45:06","modified_gmt":"2024-11-25T20:45:06","slug":"stabi-timberview-podnozje","status":"publish","type":"product","link":"https:\/\/malnaric.eu\/en\/product\/stabi-timberview-podnozje\/","title":{"rendered":"Stabi TimberView podno\u017eje"},"content":{"rendered":"<p>Inox podno\u017eje Stabi TimberView je sodobna re\u0161itev za klubsko mizico. Zasnova iz robustnega nerjave\u010dega jekla (inox) zdru\u017euje minimalisti\u010den dizajn z visoko funkcionalnostjo, kar omogo\u010da stabilno in trajno osnovo za razli\u010dne vrste miznih plo\u0161\u010d. Podno\u017eje je primerno za steklene kakor tudi lesene povr\u0161ine ali celo v kombinaciji obeh.<\/p>\n<ul>\n<li>dimenzija: <strong>(D) 1200 x (\u0160) 600 x (V) 400 mm<\/strong><\/li>\n<\/ul>","protected":false},"excerpt":{"rendered":"<p>Inox podno\u017eje Stabi TimberView je sodobna re\u0161itev za klubsko mizico. Zasnova iz robustnega nerjave\u010dega jekla (inox) zdru\u017euje minimalisti\u010den dizajn z visoko funkcionalnostjo, kar omogo\u010da stabilno in trajno osnovo za razli\u010dne vrste miznih plo\u0161\u010d. Podno\u017eje je primerno za steklene kakor tudi lesene povr\u0161ine ali celo v kombinaciji obeh.<\/p>\n<ul>\n<li>dimenzija: <strong>(D) 1200 x (\u0160) 600 x (V) 400 mm<\/strong><\/li>\n<\/ul>","protected":false},"featured_media":1157,"template":"","meta":{"_acf_changed":false},"product_brand":[],"product_cat":[32],"product_tag":[],"class_list":{"0":"post-1483","1":"product","2":"type-product","3":"status-publish","4":"has-post-thumbnail","6":"product_cat-jedilne-mize","7":"pa_barva-antracit","8":"pa_barva-bela","9":"pa_barva-crna","10":"pa_barva-inox","11":"pa_obdelava-bruseno","12":"pa_obdelava-prasno-barvano","14":"first","15":"instock","16":"shipping-taxable","17":"purchasable","18":"product-type-variable"},"acf":[],"_links":{"self":[{"href":"https:\/\/malnaric.eu\/en\/wp-json\/wp\/v2\/product\/1483","targetHints":{"allow":["GET"]}}],"collection":[{"href":"https:\/\/malnaric.eu\/en\/wp-json\/wp\/v2\/product"}],"about":[{"href":"https:\/\/malnaric.eu\/en\/wp-json\/wp\/v2\/types\/product"}],"wp:featuredmedia":[{"embeddable":true,"href":"https:\/\/malnaric.eu\/en\/wp-json\/wp\/v2\/media\/1157"}],"wp:attachment":[{"href":"https:\/\/malnaric.eu\/en\/wp-json\/wp\/v2\/media?parent=1483"}],"wp:term":[{"taxonomy":"product_brand","embeddable":true,"href":"https:\/\/malnaric.eu\/en\/wp-json\/wp\/v2\/product_brand?post=1483"},{"taxonomy":"product_cat","embeddable":true,"href":"https:\/\/malnaric.eu\/en\/wp-json\/wp\/v2\/product_cat?post=1483"},{"taxonomy":"product_tag","embeddable":true,"href":"https:\/\/malnaric.eu\/en\/wp-json\/wp\/v2\/product_tag?post=1483"}],"curies":[{"name":"wp","href":"https:\/\/api.w.org\/{rel}","templated":true}]}}