{"id":1481,"date":"2024-11-25T20:25:05","date_gmt":"2024-11-25T20:25:05","guid":{"rendered":"https:\/\/malnaric.eu\/?post_type=product&#038;p=1481"},"modified":"2024-11-25T20:34:21","modified_gmt":"2024-11-25T20:34:21","slug":"pureline-podnozje","status":"publish","type":"product","link":"https:\/\/malnaric.eu\/en\/product\/pureline-podnozje\/","title":{"rendered":"PureLine podno\u017eje"},"content":{"rendered":"<p>Inox podno\u017eje za mizo je sodobna re\u0161itev za jedilne mize. Zasnova iz robustnega nerjave\u010dega jekla (inox) zdru\u017euje minimalisti\u010den dizajn z visoko funkcionalnostjo, kar omogo\u010da stabilno in trajno osnovo za razli\u010dne vrste miznih plo\u0161\u010d. Podno\u017eje je primerno za lesene jedilne povr\u0161ine ali celo v kombinaciji les-epoksi.<\/p>\n<ul>\n<li>vi\u0161ina: <strong>750 mm<\/strong><\/li>\n<li>dimenzija cevi: <strong>100 x 40 mm<\/strong><\/li>\n<li>podno\u017eje za dimenzijo stekla\/lesa: <strong>2000 x 1000 mm<\/strong><\/li>\n<\/ul>","protected":false},"excerpt":{"rendered":"<p>Inox podno\u017eje za mizo je sodobna re\u0161itev za jedilne mize. Zasnova iz robustnega nerjave\u010dega jekla (inox) zdru\u017euje minimalisti\u010den dizajn z visoko funkcionalnostjo, kar omogo\u010da stabilno in trajno osnovo za razli\u010dne vrste miznih plo\u0161\u010d. Podno\u017eje je primerno za lesene jedilne povr\u0161ine ali celo v kombinaciji les-epoksi.<\/p>\n<ul>\n<li>vi\u0161ina: <strong>750 mm<\/strong><\/li>\n<li>dimenzija cevi: <strong>100 x 40 mm<\/strong><\/li>\n<li>podno\u017eje za dimenzijo stekla\/lesa: <strong>2000 x 1000 mm<\/strong><\/li>\n<\/ul>","protected":false},"featured_media":1160,"template":"","meta":{"_acf_changed":false},"product_brand":[],"product_cat":[32],"product_tag":[],"class_list":{"0":"post-1481","1":"product","2":"type-product","3":"status-publish","4":"has-post-thumbnail","6":"product_cat-jedilne-mize","7":"pa_barva-antracit","8":"pa_barva-bela","9":"pa_barva-crna","10":"pa_obdelava-prasno-barvano","12":"first","13":"instock","14":"shipping-taxable","15":"purchasable","16":"product-type-variable"},"acf":[],"_links":{"self":[{"href":"https:\/\/malnaric.eu\/en\/wp-json\/wp\/v2\/product\/1481","targetHints":{"allow":["GET"]}}],"collection":[{"href":"https:\/\/malnaric.eu\/en\/wp-json\/wp\/v2\/product"}],"about":[{"href":"https:\/\/malnaric.eu\/en\/wp-json\/wp\/v2\/types\/product"}],"wp:featuredmedia":[{"embeddable":true,"href":"https:\/\/malnaric.eu\/en\/wp-json\/wp\/v2\/media\/1160"}],"wp:attachment":[{"href":"https:\/\/malnaric.eu\/en\/wp-json\/wp\/v2\/media?parent=1481"}],"wp:term":[{"taxonomy":"product_brand","embeddable":true,"href":"https:\/\/malnaric.eu\/en\/wp-json\/wp\/v2\/product_brand?post=1481"},{"taxonomy":"product_cat","embeddable":true,"href":"https:\/\/malnaric.eu\/en\/wp-json\/wp\/v2\/product_cat?post=1481"},{"taxonomy":"product_tag","embeddable":true,"href":"https:\/\/malnaric.eu\/en\/wp-json\/wp\/v2\/product_tag?post=1481"}],"curies":[{"name":"wp","href":"https:\/\/api.w.org\/{rel}","templated":true}]}}