{"id":1449,"date":"2024-11-25T18:17:40","date_gmt":"2024-11-25T18:17:40","guid":{"rendered":"https:\/\/malnaric.eu\/?post_type=product&#038;p=1449"},"modified":"2024-11-25T18:28:29","modified_gmt":"2024-11-25T18:28:29","slug":"firmline-podnozje","status":"publish","type":"product","link":"https:\/\/malnaric.eu\/en\/product\/firmline-podnozje\/","title":{"rendered":"FirmLine podno\u017eje"},"content":{"rendered":"<p>FirmLine je elegantno in robustno inox podno\u017eje za jedilne mize, zasnovano za stabilnost in sodoben videz. Izdelano iz visokokakovostnega nerjave\u010dega jekla, zagotavlja dolgo \u017eivljenjsko dobo in odpornost proti koroziji. Njegova minimalisti\u010dna zasnova omogo\u010da enostavno kombiniranje z razli\u010dnimi miznimi plo\u0161\u010dami, prilagojenimi va\u0161im estetskim in funkcionalnim potrebam.<\/p>\n<ul>\n<li>vi\u0161ina: <strong>750 mm<\/strong><\/li>\n<li>podzno\u017eje za dimenzijo stekla\/lesa do <strong>2000 x 1000 mm<\/strong><\/li>\n<\/ul>","protected":false},"excerpt":{"rendered":"<p>FirmLine je elegantno in robustno inox podno\u017eje za jedilne mize, zasnovano za stabilnost in sodoben videz. Izdelano iz visokokakovostnega nerjave\u010dega jekla, zagotavlja dolgo \u017eivljenjsko dobo in odpornost proti koroziji. Njegova minimalisti\u010dna zasnova omogo\u010da enostavno kombiniranje z razli\u010dnimi miznimi plo\u0161\u010dami, prilagojenimi va\u0161im estetskim in funkcionalnim potrebam.<\/p>\n<ul>\n<li>vi\u0161ina: <strong>750 mm<\/strong><\/li>\n<li>podzno\u017eje za dimenzijo stekla\/lesa do <strong>2000 x 1000 mm<\/strong><\/li>\n<\/ul>","protected":false},"featured_media":1159,"template":"","meta":{"_acf_changed":false},"product_brand":[],"product_cat":[32],"product_tag":[],"class_list":{"0":"post-1449","1":"product","2":"type-product","3":"status-publish","4":"has-post-thumbnail","6":"product_cat-jedilne-mize","7":"pa_barva-antracit","8":"pa_barva-bela","9":"pa_barva-crna","10":"pa_obdelava-prasno-barvano","12":"first","13":"instock","14":"shipping-taxable","15":"purchasable","16":"product-type-variable"},"acf":[],"_links":{"self":[{"href":"https:\/\/malnaric.eu\/en\/wp-json\/wp\/v2\/product\/1449","targetHints":{"allow":["GET"]}}],"collection":[{"href":"https:\/\/malnaric.eu\/en\/wp-json\/wp\/v2\/product"}],"about":[{"href":"https:\/\/malnaric.eu\/en\/wp-json\/wp\/v2\/types\/product"}],"wp:featuredmedia":[{"embeddable":true,"href":"https:\/\/malnaric.eu\/en\/wp-json\/wp\/v2\/media\/1159"}],"wp:attachment":[{"href":"https:\/\/malnaric.eu\/en\/wp-json\/wp\/v2\/media?parent=1449"}],"wp:term":[{"taxonomy":"product_brand","embeddable":true,"href":"https:\/\/malnaric.eu\/en\/wp-json\/wp\/v2\/product_brand?post=1449"},{"taxonomy":"product_cat","embeddable":true,"href":"https:\/\/malnaric.eu\/en\/wp-json\/wp\/v2\/product_cat?post=1449"},{"taxonomy":"product_tag","embeddable":true,"href":"https:\/\/malnaric.eu\/en\/wp-json\/wp\/v2\/product_tag?post=1449"}],"curies":[{"name":"wp","href":"https:\/\/api.w.org\/{rel}","templated":true}]}}