{"id":1445,"date":"2024-11-25T18:07:56","date_gmt":"2024-11-25T18:07:56","guid":{"rendered":"https:\/\/malnaric.eu\/?post_type=product&#038;p=1445"},"modified":"2024-11-25T18:15:20","modified_gmt":"2024-11-25T18:15:20","slug":"squarelux","status":"publish","type":"product","link":"https:\/\/malnaric.eu\/en\/product\/squarelux\/","title":{"rendered":"SquareLux"},"content":{"rendered":"<p>Uunikatni inox radiator, ki zdru\u017euje sodoben dizajn in vrhunsko funkcionalnost. Njegova kvadratna oblika in elegantne linije se brezhibno prilegajo tako modernim kot klasi\u010dnim interierjem. Izdelan iz vrhunskega nerjave\u010dega jekla (inox) za trajnost. Povr\u0161inska obdelava z visokokakovostnim pra\u0161nim barvanjem v beli, sivi ali \u010drni barvi \u2013 na voljo tudi po va\u0161ih \u017eeljah iz \u0161iroke palete barv RAL lestvice (za zadnjo opcijo nas kontaktirajte).<\/p>","protected":false},"excerpt":{"rendered":"<p>Uunikatni inox radiator, ki zdru\u017euje sodoben dizajn in vrhunsko funkcionalnost. Njegova kvadratna oblika in elegantne linije se brezhibno prilegajo tako modernim kot klasi\u010dnim interierjem. Izdelan iz vrhunskega nerjave\u010dega jekla (inox) za trajnost. Povr\u0161inska obdelava z visokokakovostnim pra\u0161nim barvanjem v beli, sivi ali \u010drni barvi \u2013 na voljo tudi po va\u0161ih \u017eeljah iz \u0161iroke palete barv RAL lestvice (za zadnjo opcijo nas kontaktirajte).<\/p>","protected":false},"featured_media":147,"template":"","meta":{"_acf_changed":false},"product_brand":[],"product_cat":[21],"product_tag":[],"class_list":{"0":"post-1445","1":"product","2":"type-product","3":"status-publish","4":"has-post-thumbnail","6":"product_cat-inox-radiatorji","7":"pa_barva-antracit","8":"pa_barva-bela","9":"pa_barva-crna","10":"pa_dimenzija-1180-x-600-mm","11":"pa_obdelava-prasno-barvano","13":"first","14":"instock","15":"shipping-taxable","16":"purchasable","17":"product-type-variable"},"acf":[],"_links":{"self":[{"href":"https:\/\/malnaric.eu\/en\/wp-json\/wp\/v2\/product\/1445","targetHints":{"allow":["GET"]}}],"collection":[{"href":"https:\/\/malnaric.eu\/en\/wp-json\/wp\/v2\/product"}],"about":[{"href":"https:\/\/malnaric.eu\/en\/wp-json\/wp\/v2\/types\/product"}],"wp:featuredmedia":[{"embeddable":true,"href":"https:\/\/malnaric.eu\/en\/wp-json\/wp\/v2\/media\/147"}],"wp:attachment":[{"href":"https:\/\/malnaric.eu\/en\/wp-json\/wp\/v2\/media?parent=1445"}],"wp:term":[{"taxonomy":"product_brand","embeddable":true,"href":"https:\/\/malnaric.eu\/en\/wp-json\/wp\/v2\/product_brand?post=1445"},{"taxonomy":"product_cat","embeddable":true,"href":"https:\/\/malnaric.eu\/en\/wp-json\/wp\/v2\/product_cat?post=1445"},{"taxonomy":"product_tag","embeddable":true,"href":"https:\/\/malnaric.eu\/en\/wp-json\/wp\/v2\/product_tag?post=1445"}],"curies":[{"name":"wp","href":"https:\/\/api.w.org\/{rel}","templated":true}]}}