{"id":1424,"date":"2024-11-25T17:55:46","date_gmt":"2024-11-25T17:55:46","guid":{"rendered":"https:\/\/malnaric.eu\/?post_type=product&#038;p=1424"},"modified":"2024-11-25T18:07:35","modified_gmt":"2024-11-25T18:07:35","slug":"radiantreflect","status":"publish","type":"product","link":"https:\/\/malnaric.eu\/en\/product\/radiantreflect\/","title":{"rendered":"RadiantReflect"},"content":{"rendered":"<p>RadiantReflect je radiator, ki je ve\u010d kot le ogrevalni element \u2013 lahko ga namestite na hodnik, kjer ne slu\u017ei samo kot vir toplote, temve\u010d tudi kot <strong>ogledalo<\/strong>. Ta dvojna funkcionalnost omogo\u010da prakti\u010dnost in prihranek prostora, hkrati pa ustvarja izjemen vizualni u\u010dinek, ki dopolni vsak interier.<\/p>","protected":false},"excerpt":{"rendered":"<p>RadiantReflect je radiator, ki je ve\u010d kot le ogrevalni element \u2013 lahko ga namestite na hodnik, kjer ne slu\u017ei samo kot vir toplote, temve\u010d tudi kot <strong>ogledalo<\/strong>. Ta dvojna funkcionalnost omogo\u010da prakti\u010dnost in prihranek prostora, hkrati pa ustvarja izjemen vizualni u\u010dinek, ki dopolni vsak interier.<\/p>","protected":false},"featured_media":142,"template":"","meta":{"_acf_changed":false},"product_brand":[],"product_cat":[21],"product_tag":[],"class_list":{"0":"post-1424","1":"product","2":"type-product","3":"status-publish","4":"has-post-thumbnail","6":"product_cat-inox-radiatorji","7":"pa_barva-antracit","8":"pa_barva-bela","9":"pa_barva-crna","10":"pa_barva-inox","11":"pa_dimenzija-1600-x-600-mm","12":"pa_obdelava-bruseno","13":"pa_obdelava-polirano","14":"pa_obdelava-prasno-barvano","16":"first","17":"instock","18":"shipping-taxable","19":"purchasable","20":"product-type-variable"},"acf":[],"_links":{"self":[{"href":"https:\/\/malnaric.eu\/en\/wp-json\/wp\/v2\/product\/1424","targetHints":{"allow":["GET"]}}],"collection":[{"href":"https:\/\/malnaric.eu\/en\/wp-json\/wp\/v2\/product"}],"about":[{"href":"https:\/\/malnaric.eu\/en\/wp-json\/wp\/v2\/types\/product"}],"wp:featuredmedia":[{"embeddable":true,"href":"https:\/\/malnaric.eu\/en\/wp-json\/wp\/v2\/media\/142"}],"wp:attachment":[{"href":"https:\/\/malnaric.eu\/en\/wp-json\/wp\/v2\/media?parent=1424"}],"wp:term":[{"taxonomy":"product_brand","embeddable":true,"href":"https:\/\/malnaric.eu\/en\/wp-json\/wp\/v2\/product_brand?post=1424"},{"taxonomy":"product_cat","embeddable":true,"href":"https:\/\/malnaric.eu\/en\/wp-json\/wp\/v2\/product_cat?post=1424"},{"taxonomy":"product_tag","embeddable":true,"href":"https:\/\/malnaric.eu\/en\/wp-json\/wp\/v2\/product_tag?post=1424"}],"curies":[{"name":"wp","href":"https:\/\/api.w.org\/{rel}","templated":true}]}}