{"id":1341,"date":"2024-11-20T18:51:38","date_gmt":"2024-11-20T18:51:38","guid":{"rendered":"https:\/\/malnaric.eu\/?post_type=product&#038;p=1341"},"modified":"2024-12-21T14:10:46","modified_gmt":"2024-12-21T14:10:46","slug":"toroheat","status":"publish","type":"product","link":"https:\/\/malnaric.eu\/en\/product\/toroheat\/","title":{"rendered":"ToroHeat"},"content":{"rendered":"<p>ToroHeat je eleganten radiator iz visokokakovostnega nerjave\u010dega jekla (inox), ki zdru\u017euje funkcionalnost in sodoben dizajn. Na voljo je v razli\u010dnih povr\u0161inskih obdelavah: polirano, bru\u0161eno ali pra\u0161no barvano v beli, antracit, \u010drni barvi ali katerem koli odtenku po RAL lestvici. Idealen je za vsak prostor, kjer \u017eelite estetski in trajen vir toplote.<\/p>","protected":false},"excerpt":{"rendered":"<p>ToroHeat je eleganten radiator iz visokokakovostnega nerjave\u010dega jekla (inox), ki zdru\u017euje funkcionalnost in sodoben dizajn. Na voljo je v razli\u010dnih povr\u0161inskih obdelavah: polirano, bru\u0161eno ali pra\u0161no barvano v beli, antracit, \u010drni barvi ali katerem koli odtenku po RAL lestvici. Idealen je za vsak prostor, kjer \u017eelite estetski in trajen vir toplote.<\/p>","protected":false},"featured_media":150,"template":"","meta":{"_acf_changed":false},"product_brand":[],"product_cat":[21],"product_tag":[],"class_list":{"0":"post-1341","1":"product","2":"type-product","3":"status-publish","4":"has-post-thumbnail","6":"product_cat-inox-radiatorji","7":"pa_barva-antracit","8":"pa_barva-bela","9":"pa_barva-crna","10":"pa_barva-inox","11":"pa_dimenzija-1000-x-400-mm","12":"pa_dimenzija-1100-x-580-mm","13":"pa_dimenzija-1200-x-450-mm","14":"pa_dimenzija-1500-x-600-mm","15":"pa_dimenzija-1700-x-650-mm","16":"pa_obdelava-bruseno","17":"pa_obdelava-polirano","18":"pa_obdelava-prasno-barvano","20":"first","21":"instock","22":"shipping-taxable","23":"purchasable","24":"product-type-variable"},"acf":[],"_links":{"self":[{"href":"https:\/\/malnaric.eu\/en\/wp-json\/wp\/v2\/product\/1341","targetHints":{"allow":["GET"]}}],"collection":[{"href":"https:\/\/malnaric.eu\/en\/wp-json\/wp\/v2\/product"}],"about":[{"href":"https:\/\/malnaric.eu\/en\/wp-json\/wp\/v2\/types\/product"}],"wp:featuredmedia":[{"embeddable":true,"href":"https:\/\/malnaric.eu\/en\/wp-json\/wp\/v2\/media\/150"}],"wp:attachment":[{"href":"https:\/\/malnaric.eu\/en\/wp-json\/wp\/v2\/media?parent=1341"}],"wp:term":[{"taxonomy":"product_brand","embeddable":true,"href":"https:\/\/malnaric.eu\/en\/wp-json\/wp\/v2\/product_brand?post=1341"},{"taxonomy":"product_cat","embeddable":true,"href":"https:\/\/malnaric.eu\/en\/wp-json\/wp\/v2\/product_cat?post=1341"},{"taxonomy":"product_tag","embeddable":true,"href":"https:\/\/malnaric.eu\/en\/wp-json\/wp\/v2\/product_tag?post=1341"}],"curies":[{"name":"wp","href":"https:\/\/api.w.org\/{rel}","templated":true}]}}