{"id":3,"date":"2023-04-06T19:21:13","date_gmt":"2023-04-06T19:21:13","guid":{"rendered":"https:\/\/malnaric.eu\/?page_id=3"},"modified":"2024-11-22T20:35:48","modified_gmt":"2024-11-22T20:35:48","slug":"privacy-policy","status":"publish","type":"page","link":"https:\/\/malnaric.eu\/en\/privacy-policy\/","title":{"rendered":"Pogoji poslovanja"},"content":{"rendered":"<h4 class=\"wp-block-heading\">S kom delimo va\u0161e podatke<\/h4>\n\n\n\n<p class=\"has-small-font-size\">Va\u0161ih podatkov ne delimo z nikomer, razen \u010de &#8220;naro\u010dnik&#8221;\/uporabnik opravi prevaro pri naro\u010dilu izdelkov v spletni ponudbi. V takem primeru podatke posredujemo pristojnim organom.<\/p>\n\n\n\n<h4 class=\"wp-block-heading\">Kako dolgo hranimo va\u0161e podatke<\/h4>\n\n\n\n<p class=\"has-small-font-size\">Va\u0161i podatki se hranijo toliko \u010dasa, dokler ni naro\u010dilo povsem zaklju\u010deno.<\/p>\n\n\n\n<h4 class=\"wp-block-heading\">Katere pravice imate nad svojimi podatki<\/h4>\n\n\n\n<p class=\"has-small-font-size\">\u010ce opravite spletno naro\u010dilo ali povpra\u0161evanje preko kontaktnega obrazca, lahko zahtevate izvozno datoteko osebnih podatkov, ki jih hranimo o vas, vklju\u010dno z vsemi podatki, ki ste jih posredovali. Prav tako lahko zahtevate, da izbri\u0161emo vse osebne podatke, ki jih hranimo o vas. To ne vklju\u010duje podatkov, ki jih moramo hraniti zaradi administrativnih, pravnih ali varnostnih razlogov.<\/p>\n\n\n\n<p class=\"has-small-font-size\">\u010ce potrebujete ve\u010d informacij nas kontaktirajte na email: <a href=\"mailto:info@malnaric.eu\">info@malnaric.eu<\/a> ali telefon: <a href=\"tel: 031 242 495\">031 242 495<\/a><\/p>\n\n\n\n<h4 class=\"wp-block-heading\">Mnenja strank<\/h4>\n\n\n\n<p class=\"has-small-font-size\">Na strani so objavljena pozitivna pri\u010danja strank o opravljenih na\u0161ih storitvah. Izjave so samo v namen promocije na\u0161ih storitev.<\/p>\n\n\n\n<h4 class=\"wp-block-heading\">Mediji<\/h4>\n\n\n\n<p class=\"has-small-font-size\">Na straneh uporabljamo samo in izklju\u010dno svoje slike v namen promocije. Prenos ali razmno\u017eevanje je strogo prepovedano.<\/p>\n\n\n\n<h4 class=\"wp-block-heading\">Pi\u0161kotki<\/h4>\n\n\n\n<p class=\"has-small-font-size\">\u010ce obi\u0161\u010dete na\u0161o doma\u010do stran, bomo nastavili za\u010dasni pi\u0161kotek, da ugotovimo, ali va\u0161 brskalnik sprejema pi\u0161kotke. Ta pi\u0161kotek ne vsebuje osebnih podatkov in se izbri\u0161e, ko zaprete brskalnik.<\/p>\n\n\n\n<h4 class=\"wp-block-heading\">Vdelana vsebina iz drugih spletnih strani<\/h4>\n\n\n\n<p class=\"has-small-font-size\">Na strani https:\/\/malnaric.eu se uporablja samo lastna vsebina.<\/p>","protected":false},"excerpt":{"rendered":"<p>S kom delimo va\u0161e podatke Va\u0161ih podatkov ne delimo z nikomer, razen \u010de &#8220;naro\u010dnik&#8221;\/uporabnik opravi prevaro pri naro\u010dilu izdelkov v spletni ponudbi. V takem primeru podatke posredujemo pristojnim organom. Kako dolgo hranimo va\u0161e podatke Va\u0161i podatki se hranijo toliko \u010dasa, dokler ni naro\u010dilo povsem zaklju\u010deno. Katere pravice imate nad svojimi podatki \u010ce opravite spletno naro\u010dilo [&hellip;]<\/p>\n","protected":false},"author":1,"featured_media":0,"parent":0,"menu_order":0,"comment_status":"closed","ping_status":"open","template":"","meta":{"_acf_changed":false,"footnotes":""},"class_list":["post-3","page","type-page","status-publish","hentry"],"acf":[],"_links":{"self":[{"href":"https:\/\/malnaric.eu\/en\/wp-json\/wp\/v2\/pages\/3","targetHints":{"allow":["GET"]}}],"collection":[{"href":"https:\/\/malnaric.eu\/en\/wp-json\/wp\/v2\/pages"}],"about":[{"href":"https:\/\/malnaric.eu\/en\/wp-json\/wp\/v2\/types\/page"}],"author":[{"embeddable":true,"href":"https:\/\/malnaric.eu\/en\/wp-json\/wp\/v2\/users\/1"}],"replies":[{"embeddable":true,"href":"https:\/\/malnaric.eu\/en\/wp-json\/wp\/v2\/comments?post=3"}],"version-history":[{"count":11,"href":"https:\/\/malnaric.eu\/en\/wp-json\/wp\/v2\/pages\/3\/revisions"}],"predecessor-version":[{"id":1398,"href":"https:\/\/malnaric.eu\/en\/wp-json\/wp\/v2\/pages\/3\/revisions\/1398"}],"wp:attachment":[{"href":"https:\/\/malnaric.eu\/en\/wp-json\/wp\/v2\/media?parent=3"}],"curies":[{"name":"wp","href":"https:\/\/api.w.org\/{rel}","templated":true}]}}